{"id":2130,"date":"2026-04-15T11:20:51","date_gmt":"2026-04-15T08:20:51","guid":{"rendered":"https:\/\/www.asociatiasepoate.ro\/?page_id=2130"},"modified":"2026-04-15T11:34:40","modified_gmt":"2026-04-15T08:34:40","slug":"valeu-and-you-youth-exchange","status":"publish","type":"page","link":"https:\/\/www.asociatiasepoate.ro\/ro\/valeu-and-you-youth-exchange\/","title":{"rendered":"ValEU and You"},"content":{"rendered":"<p style=\"margin-top:var(--wp--preset--spacing--30);margin-bottom:var(--wp--preset--spacing--30)\">\u00cen perioada 18-26 martie 30 de tineri din 6 \u021b\u0103ri - Bulgaria, Ungaria, Croa\u021bia, Grecia, Spania \u0219i Rom\u00e2nia, s-au reunit la Predeal \u00een Rom\u00e2nia pentru a discuta despre cele 6 valori europene. Scopul proiectului a fost de a-i face pe tineri s\u0103 dezvolte o \u00een\u021belegere mai aprofundat\u0103 a valorilor \u0219i institu\u021biilor europene \u0219i c\u00e2t de importante sunt acestea \u00een societatea noastr\u0103 actual\u0103. Fiecare dintre cele 8 zile a abordat o valoare sau o tematic\u0103 diferit\u0103 astfel \u00eenc\u00e2t participan\u021bii s\u0103 poat\u0103 dezvolta o perspectiv\u0103 global\u0103 asupra tematicii.<\/p>\n\n\n\n<figure class=\"wp-block-image size-large\"><img fetchpriority=\"high\" decoding=\"async\" width=\"1024\" height=\"768\"  src=\"https:\/\/www.asociatiasepoate.ro\/wp-content\/uploads\/2026\/04\/P1-1024x768.avif\" alt=\"\" class=\"wp-image-2131\" srcset=\"https:\/\/www.asociatiasepoate.ro\/wp-content\/uploads\/2026\/04\/P1-1024x768.avif 1024w, https:\/\/www.asociatiasepoate.ro\/wp-content\/uploads\/2026\/04\/P1-300x225.avif 300w, https:\/\/www.asociatiasepoate.ro\/wp-content\/uploads\/2026\/04\/P1-768x576.avif 768w, https:\/\/www.asociatiasepoate.ro\/wp-content\/uploads\/2026\/04\/P1-1536x1152.avif 1536w, https:\/\/www.asociatiasepoate.ro\/wp-content\/uploads\/2026\/04\/P1-2048x1536.avif 2048w, https:\/\/www.asociatiasepoate.ro\/wp-content\/uploads\/2026\/04\/P1-16x12.avif 16w\" sizes=\"(max-width: 650px) 100vw, 650px\" \/><\/figure>\n\n\n\n<p style=\"margin-top:var(--wp--preset--spacing--30);margin-bottom:var(--wp--preset--spacing--30)\">Prima zi a avut ca scop formarea echipei. Prin jocurile de cunoa\u0219tere participan\u021bii \u0219i-au descoperit viitorii parteneri de echip\u0103, iar prin atelierul \u201ePredeal is the new Strasbourg\u201d, participan\u021bii au fost \u00eemp\u0103r\u021bi\u021bi \u00een 5 echipe, construindu-\u0219i propriul minister \u0219i primind o valoare European\u0103 pe care, p\u00e2n\u0103 la finalul proiectului o vor reprezenta \u00eentr-un video creativ - unul dintre output-urile proiectului disponibile pe paginile noastre de social media.<\/p>\n\n\n\n<p style=\"margin-top:var(--wp--preset--spacing--30);margin-bottom:var(--wp--preset--spacing--30)\">Ziua doi a debutat cu o prezentare despre asocia\u021bia noastr\u0103 \u0219i cu o alta despre oportunit\u0103\u021bile Erasmus. Participan\u021bii au fost informa\u021bi despre diferitele tipuri de proiecte finan\u021bate la care se pot \u00eenscrie \u0219i cum pot descoperi aceste oportunit\u0103\u021bi. <\/p>\n\n\n\n<p style=\"margin-top:var(--wp--preset--spacing--30);margin-bottom:var(--wp--preset--spacing--30)\">Restul zilei a fost dedicat test\u0103rii \u0219i dezvolt\u0103rii cuno\u0219tin\u021belor acestora despre institu\u021biile europene. Dup\u0103 ce au urm\u0103rit un scurt video rezumativ despre care sunt acestea \u0219i care sunt rolurile lor \u00een procesul de propunere \u0219i adoptarea legilor. Cu ajutorul unor carduri dezvoltate de echipa Se Poate, participan\u021bii \u00eemp\u0103r\u021bi\u021bi \u00een 5 echipe au trebuit s\u0103 sorteze caracteristicile a 4 dintre cele mai importante institu\u021bii europene, astfel test\u00e2nd c\u00e2t de bine au \u00een\u021beles func\u021biile procesului decizional.  <\/p>\n\n\n\n<figure class=\"wp-block-image size-large\"><img decoding=\"async\" width=\"1024\" height=\"768\"  src=\"https:\/\/www.asociatiasepoate.ro\/wp-content\/uploads\/2026\/04\/IMG_8906-1024x768.avif\" alt=\"\" class=\"wp-image-2132\" srcset=\"https:\/\/www.asociatiasepoate.ro\/wp-content\/uploads\/2026\/04\/IMG_8906-1024x768.avif 1024w, https:\/\/www.asociatiasepoate.ro\/wp-content\/uploads\/2026\/04\/IMG_8906-300x225.avif 300w, https:\/\/www.asociatiasepoate.ro\/wp-content\/uploads\/2026\/04\/IMG_8906-768x576.avif 768w, https:\/\/www.asociatiasepoate.ro\/wp-content\/uploads\/2026\/04\/IMG_8906-1536x1152.avif 1536w, https:\/\/www.asociatiasepoate.ro\/wp-content\/uploads\/2026\/04\/IMG_8906-2048x1536.avif 2048w, https:\/\/www.asociatiasepoate.ro\/wp-content\/uploads\/2026\/04\/IMG_8906-16x12.avif 16w\" sizes=\"(max-width: 650px) 100vw, 650px\" \/><\/figure>\n\n\n\n<p style=\"margin-top:var(--wp--preset--spacing--30);margin-bottom:var(--wp--preset--spacing--30)\">Ziua s-a finalizat cu o activitate de teatru forum - unde fiecare \u201eminister\u201d a trebuit s\u0103 realizeze o pies\u0103 de teatru \u00een care s\u0103 reprezinte valoarea primit\u0103, astfel descoperind \u00eempreun\u0103 valorile uniunii europene - \u0219i cu o activitate de reflexie asupra valorilor personale \u00een rela\u021bie cu societatea \u0219i cu valorile Europene.\u00a0<\/p>\n\n\n\n<figure class=\"wp-block-image size-large\"><img decoding=\"async\" width=\"1024\" height=\"768\"  src=\"https:\/\/www.asociatiasepoate.ro\/wp-content\/uploads\/2026\/04\/IMG_8971-4-1024x768.avif\" alt=\"\" class=\"wp-image-2144\" srcset=\"https:\/\/www.asociatiasepoate.ro\/wp-content\/uploads\/2026\/04\/IMG_8971-4-1024x768.avif 1024w, https:\/\/www.asociatiasepoate.ro\/wp-content\/uploads\/2026\/04\/IMG_8971-4-300x225.avif 300w, https:\/\/www.asociatiasepoate.ro\/wp-content\/uploads\/2026\/04\/IMG_8971-4-768x576.avif 768w, https:\/\/www.asociatiasepoate.ro\/wp-content\/uploads\/2026\/04\/IMG_8971-4-2048x1536.avif 2048w, https:\/\/www.asociatiasepoate.ro\/wp-content\/uploads\/2026\/04\/IMG_8971-4-16x12.avif 16w\" sizes=\"(max-width: 650px) 100vw, 650px\" \/><\/figure>\n\n\n\n<p style=\"margin-top:var(--wp--preset--spacing--30);margin-bottom:var(--wp--preset--spacing--30)\">Dup\u0103 cin\u0103 Bulgaria \u0219i Grecia au dat startul serilor interculturale, prezent\u00e2ndu-ne m\u00e2ncare \u0219i dansuri tradi\u021bionale.<\/p>\n\n\n\n<p style=\"margin-top:var(--wp--preset--spacing--30);margin-bottom:var(--wp--preset--spacing--30)\">Ziua trei a fost \u00een \u00eentregime concentrat\u0103 pe drepturile omului. Al\u0103turi de Alex Stan - educator, activist \u0219i influencer \u00een drepturile omului, participan\u021bii au fost introdu\u0219i \u00een istoria drepturilor omului, au dezb\u0103tut teme geo-politice de actualitate \u0219i au exersat empatia juc\u00e2nd \u201dTake a step forward\u201d, pun\u00e2ndu-se \u00een locul unor personaje pentru a \u00een\u021belege mai bine ce este privilegiul \u0219i cum ne separa el de fapt.\u00a0<\/p>\n\n\n\n<figure class=\"wp-block-image size-large\"><img loading=\"lazy\" decoding=\"async\" width=\"1024\" height=\"575\"  src=\"https:\/\/www.asociatiasepoate.ro\/wp-content\/uploads\/2026\/04\/IMG_6602-1-1024x575.avif\" alt=\"\" class=\"wp-image-2142\" srcset=\"https:\/\/www.asociatiasepoate.ro\/wp-content\/uploads\/2026\/04\/IMG_6602-1-1024x575.avif 1024w, https:\/\/www.asociatiasepoate.ro\/wp-content\/uploads\/2026\/04\/IMG_6602-1-300x168.avif 300w, https:\/\/www.asociatiasepoate.ro\/wp-content\/uploads\/2026\/04\/IMG_6602-1-768x431.avif 768w, https:\/\/www.asociatiasepoate.ro\/wp-content\/uploads\/2026\/04\/IMG_6602-1-1536x862.avif 1536w, https:\/\/www.asociatiasepoate.ro\/wp-content\/uploads\/2026\/04\/IMG_6602-1-2048x1150.avif 2048w, https:\/\/www.asociatiasepoate.ro\/wp-content\/uploads\/2026\/04\/IMG_6602-1-18x10.avif 18w\" sizes=\"(max-width: 650px) 100vw, 650px\" \/><\/figure>\n\n\n\n<p style=\"margin-top:var(--wp--preset--spacing--30);margin-bottom:var(--wp--preset--spacing--30)\">Activit\u0103\u021bile s-au \u00eencheiat cu seara intercultural\u0103 a Rom\u00e2niei \u0219i Ungariei care a fost acompaniat\u0103 \u0219i de muzic\u0103 tradi\u021bional\u0103 live din partea hotelului.<\/p>\n\n\n\n<figure class=\"wp-block-image size-large\"><img loading=\"lazy\" decoding=\"async\" width=\"1024\" height=\"575\"  src=\"https:\/\/www.asociatiasepoate.ro\/wp-content\/uploads\/2026\/04\/IMG_7013-1024x575.avif\" alt=\"\" class=\"wp-image-2136\" srcset=\"https:\/\/www.asociatiasepoate.ro\/wp-content\/uploads\/2026\/04\/IMG_7013-1024x575.avif 1024w, https:\/\/www.asociatiasepoate.ro\/wp-content\/uploads\/2026\/04\/IMG_7013-300x168.avif 300w, https:\/\/www.asociatiasepoate.ro\/wp-content\/uploads\/2026\/04\/IMG_7013-768x431.avif 768w, https:\/\/www.asociatiasepoate.ro\/wp-content\/uploads\/2026\/04\/IMG_7013-1536x862.avif 1536w, https:\/\/www.asociatiasepoate.ro\/wp-content\/uploads\/2026\/04\/IMG_7013-2048x1150.avif 2048w, https:\/\/www.asociatiasepoate.ro\/wp-content\/uploads\/2026\/04\/IMG_7013-18x10.avif 18w\" sizes=\"(max-width: 650px) 100vw, 650px\" \/><\/figure>\n\n\n\n<p style=\"margin-top:var(--wp--preset--spacing--30);margin-bottom:var(--wp--preset--spacing--30)\">Urm\u0103toarea zi s-a concentrat pe \u00een\u021belegerea valorilor de Libertate \u0219i Egalitate prin simul\u0103ri \u0219i jocuri din Manualul Compass pentru Educa\u021bia Drepturilor Omului, \u00een care participan\u021bii au fost pu\u0219i \u00een situa\u021bia de a g\u0103si solu\u021bii pentru a face o egalitate echitabil\u0103 \u0219i de a discuta despre viziunile personale \u0219i culturale asupra religiei \u0219i spiritualit\u0103\u021bii \u00een diferite teme. Ace\u0219tia s-au bucurat s\u0103 practice ascultarea activ\u0103 \u0219i libertatea de exprimare \u00eentr-un spa\u021biu deschis \u0219i f\u0103r\u0103 judecat\u0103. Finalul zilei a fost marcat de o sesiune de lucru pentru video-urile de final unde ace\u0219tia au trebuit s\u0103 pun\u0103 la punct ideea generala a videoului \u0219i cum urmeaz\u0103 s\u0103 o pun\u0103 \u00een aplicare.<\/p>\n\n\n\n<figure class=\"wp-block-image size-large\"><img loading=\"lazy\" decoding=\"async\" width=\"1024\" height=\"575\"  src=\"https:\/\/www.asociatiasepoate.ro\/wp-content\/uploads\/2026\/04\/IMG_6899-1-1024x575.avif\" alt=\"\" class=\"wp-image-2143\" srcset=\"https:\/\/www.asociatiasepoate.ro\/wp-content\/uploads\/2026\/04\/IMG_6899-1-1024x575.avif 1024w, https:\/\/www.asociatiasepoate.ro\/wp-content\/uploads\/2026\/04\/IMG_6899-1-300x168.avif 300w, https:\/\/www.asociatiasepoate.ro\/wp-content\/uploads\/2026\/04\/IMG_6899-1-768x431.avif 768w, https:\/\/www.asociatiasepoate.ro\/wp-content\/uploads\/2026\/04\/IMG_6899-1-1536x862.avif 1536w, https:\/\/www.asociatiasepoate.ro\/wp-content\/uploads\/2026\/04\/IMG_6899-1-2048x1150.avif 2048w, https:\/\/www.asociatiasepoate.ro\/wp-content\/uploads\/2026\/04\/IMG_6899-1-18x10.avif 18w\" sizes=\"(max-width: 650px) 100vw, 650px\" \/><\/figure>\n\n\n\n<p style=\"margin-top:var(--wp--preset--spacing--30);margin-bottom:var(--wp--preset--spacing--30)\">Ziua cinci a avut \u00een prim plan explorarea florei locale \u00eentr-o drume\u021bie al\u0103turi de un silvicultor specialist, Drago\u0219 Paraschiva care le-a povestit participan\u021bilor despre fauna \u0219i flora local\u0103 \u0219i despre cum se m\u0103soar\u0103 copacii pentru a afla c\u00e2t de b\u0103tr\u00e2ni sunt f\u0103r\u0103 a-i distruge sau afecta. Aceast\u0103 activitate a vizat partea de ecologie necesar\u0103 \u00een orice schimb de tineri, pun\u00e2ndu-i pe ace\u0219tia la curent \u00een leg\u0103tur\u0103 cu situa\u021bia naturii din Rom\u00e2nia \u0219i eforturile care se fac pentru a o proteja.<\/p>\n\n\n\n<figure class=\"wp-block-image size-large\"><img data-dominant-color=\"6a6c6f\" data-has-transparency=\"false\" style=\"--dominant-color: #6a6c6f;\" loading=\"lazy\" decoding=\"async\" width=\"1024\" height=\"575\"  src=\"https:\/\/www.asociatiasepoate.ro\/wp-content\/uploads\/2026\/04\/IMG_7673-1024x575.avif\" alt=\"\" class=\"not-transparent wp-image-2139\" srcset=\"https:\/\/www.asociatiasepoate.ro\/wp-content\/uploads\/2026\/04\/IMG_7673-1024x575.avif 1024w, https:\/\/www.asociatiasepoate.ro\/wp-content\/uploads\/2026\/04\/IMG_7673-300x168.avif 300w, https:\/\/www.asociatiasepoate.ro\/wp-content\/uploads\/2026\/04\/IMG_7673-768x431.avif 768w, https:\/\/www.asociatiasepoate.ro\/wp-content\/uploads\/2026\/04\/IMG_7673-1536x862.avif 1536w, https:\/\/www.asociatiasepoate.ro\/wp-content\/uploads\/2026\/04\/IMG_7673-2048x1150.avif 2048w, https:\/\/www.asociatiasepoate.ro\/wp-content\/uploads\/2026\/04\/IMG_7673-18x10.avif 18w\" sizes=\"(max-width: 650px) 100vw, 650px\" \/><\/figure>\n\n\n\n<p style=\"margin-top:var(--wp--preset--spacing--30);margin-bottom:var(--wp--preset--spacing--30)\">Ultima zi de activit\u0103\u021bi a fost dedicat\u0103 democra\u021biei \u0219i statului de drept. Activitatea de debut, \u0219i cea mai important\u0103 din aceast\u0103 zi a fost simularea procesului de adoptare a unei legi \u00een Parlamentul European. Participan\u021bii au avut ocazie s\u0103 testeze c\u0103t de bine au \u00een\u021beles rolul fiec\u0103rei institu\u021bii ce particip\u0103 la procesul decizional \u00eemp\u0103r\u021bindu-se aleatoriu \u00een echipe ce reprezentau una dintre institu\u021bii \u0219i partide cu viziuni diferite pentru a discuta adoptarea legii ce presupune sc\u0103derea v\u00e2rstei de eligibilitate pentru a vota la 16 ani. Discu\u021bia a fost una plin\u0103 de argumente bine structurate \u0219i idei inovative care dup\u0103 o or\u0103 a dus la un consens, acela de a testa legea la nivel de alegeri locale p\u00e2n\u0103 s\u0103 fie implementat\u0103 pentru alegerile na\u021bionale sau europene.\u00a0<\/p>\n\n\n\n<figure class=\"wp-block-image size-large\"><img loading=\"lazy\" decoding=\"async\" width=\"1024\" height=\"575\"  src=\"https:\/\/www.asociatiasepoate.ro\/wp-content\/uploads\/2026\/04\/IMG_7696-1-1024x575.avif\" alt=\"\" class=\"wp-image-2141\" srcset=\"https:\/\/www.asociatiasepoate.ro\/wp-content\/uploads\/2026\/04\/IMG_7696-1-1024x575.avif 1024w, https:\/\/www.asociatiasepoate.ro\/wp-content\/uploads\/2026\/04\/IMG_7696-1-300x168.avif 300w, https:\/\/www.asociatiasepoate.ro\/wp-content\/uploads\/2026\/04\/IMG_7696-1-768x431.avif 768w, https:\/\/www.asociatiasepoate.ro\/wp-content\/uploads\/2026\/04\/IMG_7696-1-2048x1150.avif 2048w, https:\/\/www.asociatiasepoate.ro\/wp-content\/uploads\/2026\/04\/IMG_7696-1-18x10.avif 18w\" sizes=\"(max-width: 650px) 100vw, 650px\" \/><\/figure>\n\n\n\n<p style=\"margin-top:var(--wp--preset--spacing--30);margin-bottom:var(--wp--preset--spacing--30)\">Restul zilei a fost dedicat lucrului pentru finalizarea videoclipurilor despre valori, care au fost vizionate \u0219i premiate la activitatea de seara \u201cOscars Night\u201d.<\/p>\n\n\n\n<figure class=\"wp-block-image size-large\"><img loading=\"lazy\" decoding=\"async\" width=\"1024\" height=\"575\"  src=\"https:\/\/www.asociatiasepoate.ro\/wp-content\/uploads\/2026\/04\/IMG_7942-1024x575.avif\" alt=\"\" class=\"wp-image-2140\" srcset=\"https:\/\/www.asociatiasepoate.ro\/wp-content\/uploads\/2026\/04\/IMG_7942-1024x575.avif 1024w, https:\/\/www.asociatiasepoate.ro\/wp-content\/uploads\/2026\/04\/IMG_7942-300x168.avif 300w, https:\/\/www.asociatiasepoate.ro\/wp-content\/uploads\/2026\/04\/IMG_7942-768x431.avif 768w, https:\/\/www.asociatiasepoate.ro\/wp-content\/uploads\/2026\/04\/IMG_7942-2048x1150.avif 2048w, https:\/\/www.asociatiasepoate.ro\/wp-content\/uploads\/2026\/04\/IMG_7942-18x10.avif 18w\" sizes=\"(max-width: 650px) 100vw, 650px\" \/><\/figure>\n\n\n\n<p style=\"margin-top:var(--wp--preset--spacing--30);margin-bottom:var(--wp--preset--spacing--30)\">Proiectul s-a \u00eencheiat cu sesiunea final\u0103 de evaluare a cuno\u0219tin\u021belor despre tema valorilor Europene \u0219i de evaluare a proiectului, unde a fost prezentat\u0103 \u0219i platforma Innovators Lab, un proiect de colaborare la scar\u0103 larg\u0103 dedicat tinerilor Genera\u021biei Z \u0219i lucr\u0103torilor de tineret.\u00a0<\/p>\n\n\n\n<figure class=\"wp-block-image size-large\"><img loading=\"lazy\" decoding=\"async\" width=\"1024\" height=\"575\"  src=\"https:\/\/www.asociatiasepoate.ro\/wp-content\/uploads\/2026\/04\/IMG_8208-1-1024x575.avif\" alt=\"\" class=\"wp-image-2146\" srcset=\"https:\/\/www.asociatiasepoate.ro\/wp-content\/uploads\/2026\/04\/IMG_8208-1-1024x575.avif 1024w, https:\/\/www.asociatiasepoate.ro\/wp-content\/uploads\/2026\/04\/IMG_8208-1-300x168.avif 300w, https:\/\/www.asociatiasepoate.ro\/wp-content\/uploads\/2026\/04\/IMG_8208-1-768x431.avif 768w, https:\/\/www.asociatiasepoate.ro\/wp-content\/uploads\/2026\/04\/IMG_8208-1-1536x862.avif 1536w, https:\/\/www.asociatiasepoate.ro\/wp-content\/uploads\/2026\/04\/IMG_8208-1-2048x1150.avif 2048w, https:\/\/www.asociatiasepoate.ro\/wp-content\/uploads\/2026\/04\/IMG_8208-1-18x10.avif 18w\" sizes=\"(max-width: 650px) 100vw, 650px\" \/><\/figure>\n\n\n\n<p class=\"has-medium-font-size\" style=\"border-style:none;border-width:0px;margin-top:var(--wp--preset--spacing--30);margin-bottom:var(--wp--preset--spacing--30)\">Cei 30 de tineri au avut o experien\u021b\u0103 cu adev\u0103rat pl\u0103cut\u0103 \u00een Rom\u00e2nia descoperind cultura \u0219i tradi\u021biile locale \u00een timp ce au explorat intensiv al\u0103turi de traineri \u0219i facilitatori cele 6 valori europene pe care au ajuns sa le \u00een\u021beleag\u0103 mai bine \u0219i s\u0103 le vad\u0103 importan\u021ba nu doar la nivel mondial, \u00een luarea deciziilor la nivel European, ci \u0219i personal \u00een vie\u021bile lor de zi cu zi.<\/p>\n\n\n\n<p>Funded by the European Union. Views and opinions expressed are however those of the author(s) only and do not necessarily reflect those of the European Union or the European Education and Culture Executive Agency (EACEA). Neither the European Union nor EACEA can be held responsible for them.<\/p>\n\n\n\n<p><\/p>","protected":false},"excerpt":{"rendered":"<p>From March 18th to 26th, 30 young people from six countries\u2014Bulgaria, Hungary, Croatia, Greece, Spain, and Romania\u2014all gathered in Predeal, Romania, to discover the six European values-Human Rights, Human Dignity, Freedom, Equality, Democracy and the Rule of Law. The goal of the project was to help young people develop a deeper understanding of European values [&hellip;]<\/p>","protected":false},"author":1,"featured_media":2147,"parent":0,"menu_order":0,"comment_status":"closed","ping_status":"closed","template":"","meta":{"footnotes":""},"class_list":["post-2130","page","type-page","status-publish","has-post-thumbnail","hentry"],"_links":{"self":[{"href":"https:\/\/www.asociatiasepoate.ro\/ro\/wp-json\/wp\/v2\/pages\/2130","targetHints":{"allow":["GET"]}}],"collection":[{"href":"https:\/\/www.asociatiasepoate.ro\/ro\/wp-json\/wp\/v2\/pages"}],"about":[{"href":"https:\/\/www.asociatiasepoate.ro\/ro\/wp-json\/wp\/v2\/types\/page"}],"author":[{"embeddable":true,"href":"https:\/\/www.asociatiasepoate.ro\/ro\/wp-json\/wp\/v2\/users\/1"}],"replies":[{"embeddable":true,"href":"https:\/\/www.asociatiasepoate.ro\/ro\/wp-json\/wp\/v2\/comments?post=2130"}],"version-history":[{"count":3,"href":"https:\/\/www.asociatiasepoate.ro\/ro\/wp-json\/wp\/v2\/pages\/2130\/revisions"}],"predecessor-version":[{"id":2152,"href":"https:\/\/www.asociatiasepoate.ro\/ro\/wp-json\/wp\/v2\/pages\/2130\/revisions\/2152"}],"wp:featuredmedia":[{"embeddable":true,"href":"https:\/\/www.asociatiasepoate.ro\/ro\/wp-json\/wp\/v2\/media\/2147"}],"wp:attachment":[{"href":"https:\/\/www.asociatiasepoate.ro\/ro\/wp-json\/wp\/v2\/media?parent=2130"}],"curies":[{"name":"wp","href":"https:\/\/api.w.org\/{rel}","templated":true}]}}